{"id":300,"date":"2024-04-30T17:29:27","date_gmt":"2024-04-30T15:29:27","guid":{"rendered":"https:\/\/alainpm.cluster023.hosting.ovh.net\/?page_id=300"},"modified":"2024-06-18T22:24:56","modified_gmt":"2024-06-18T20:24:56","slug":"qui-suis-je","status":"publish","type":"page","link":"https:\/\/alainpercevault.com\/qui-suis-je\/","title":{"rendered":"Qui suis je ?"},"content":{"rendered":"\t\t<div data-elementor-type=\"wp-page\" data-elementor-id=\"300\" class=\"elementor elementor-300\">\n\t\t\t\t<div class=\"elementor-element elementor-element-8df8c62 e-flex e-con-boxed wpr-particle-no wpr-jarallax-no wpr-parallax-no wpr-sticky-section-no e-con e-parent\" data-id=\"8df8c62\" data-element_type=\"container\" data-e-type=\"container\">\n\t\t\t\t\t<div class=\"e-con-inner\">\n\t\t\t\t<div class=\"elementor-element elementor-element-49620eb elementor-widget elementor-widget-image\" data-id=\"49620eb\" data-element_type=\"widget\" data-e-type=\"widget\" data-widget_type=\"image.default\">\n\t\t\t\t<div class=\"elementor-widget-container\">\n\t\t\t\t\t\t\t\t\t\t\t\t\t\t\t<img fetchpriority=\"high\" decoding=\"async\" width=\"800\" height=\"534\" src=\"https:\/\/alainpercevault.com\/wp-content\/uploads\/2024\/04\/Kerroch.-Alain-19-1024x683.jpg\" class=\"attachment-large size-large wp-image-37\" alt=\"\" srcset=\"https:\/\/alainpercevault.com\/wp-content\/uploads\/2024\/04\/Kerroch.-Alain-19-1024x683.jpg 1024w, https:\/\/alainpercevault.com\/wp-content\/uploads\/2024\/04\/Kerroch.-Alain-19-300x200.jpg 300w, https:\/\/alainpercevault.com\/wp-content\/uploads\/2024\/04\/Kerroch.-Alain-19-768x512.jpg 768w, https:\/\/alainpercevault.com\/wp-content\/uploads\/2024\/04\/Kerroch.-Alain-19-1536x1024.jpg 1536w, https:\/\/alainpercevault.com\/wp-content\/uploads\/2024\/04\/Kerroch.-Alain-19-1170x780.jpg 1170w, https:\/\/alainpercevault.com\/wp-content\/uploads\/2024\/04\/Kerroch.-Alain-19.jpg 2048w\" sizes=\"(max-width: 800px) 100vw, 800px\" \/>\t\t\t\t\t\t\t\t\t\t\t\t\t\t\t<\/div>\n\t\t\t\t<\/div>\n\t\t\t\t\t<\/div>\n\t\t\t\t<\/div>\n\t\t<div class=\"elementor-element elementor-element-f0a05ec e-flex e-con-boxed wpr-particle-no wpr-jarallax-no wpr-parallax-no wpr-sticky-section-no e-con e-parent\" data-id=\"f0a05ec\" data-element_type=\"container\" data-e-type=\"container\">\n\t\t\t\t\t<div class=\"e-con-inner\">\n\t\t\t\t<div class=\"elementor-element elementor-element-9b7c5df elementor-widget elementor-widget-text-editor\" data-id=\"9b7c5df\" data-element_type=\"widget\" data-e-type=\"widget\" data-widget_type=\"text-editor.default\">\n\t\t\t\t<div class=\"elementor-widget-container\">\n\t\t\t\t\t\t\t\t\t<p>J\u2019ai d\u00e9couvert l\u2019apn\u00e9e en 2004, une exp\u00e9rience qui m\u2019a vite passionn\u00e9. Quelques ann\u00e9es plus tard, j\u2019ai suivi le cursus de la F\u00e9d\u00e9ration Fran\u00e7aise d\u2019Etudes des Sports Sous-Marin (FFESSM) pour \u00eatre moniteur f\u00e9d\u00e9ral d\u2019apn\u00e9e.<\/p>\n<p>Au travers l\u2019apn\u00e9e c\u2019est la respiration et la r\u00e9tention d\u2019air qui me passionne. L\u2019apn\u00e9e est un mode de vie. J\u2019ai constat\u00e9 les bien faits sur ma vie de tous les jours, sur ma sant\u00e9 morale et physique.<\/p>\n<p>Une des disciplines de l\u2019apn\u00e9e&nbsp;: l\u2019apn\u00e9e statique m\u2019a amen\u00e9 \u00e0 la relaxation musculaire, l\u2019autohypnose et la visualisation positive.<\/p>\n<p>Je pratique et enseigne l\u2019apn\u00e9e dans 2 clubs sur la r\u00e9gion de Lorient depuis plusieurs ann\u00e9es pour transmettre mes connaissances.<\/p>\n<p>En 2023\/ 2024, j\u2019ai \u00e9t\u00e9 <a href=\"https:\/\/alainpercevault.com\/index.php\/mes-diplomes\/\">diplom\u00e9<\/a> praticien en Hypnose \u00e0 l\u2019AHTMA \u00e0 Vannes. Et initiateur Coach-Respiration<span style=\"color: var( --e-global-color-text ); letter-spacing: 0px; text-align: var(--text-align);\">\u00ae.<\/span><\/p>\n<p><\/p>\n<p>Guid\u00e9 par cette soif de connaissances, j<span style=\"color: var( --e-global-color-text ); font-family: var( --e-global-typography-text-font-family ), Sans-serif; font-weight: var( --e-global-typography-text-font-weight ); text-align: var(--text-align);\">e suis aussi form\u00e9 :<\/span><\/p>\n<ul>\n<li><span style=\"color: var( --e-global-color-text ); font-family: var( --e-global-typography-text-font-family ), Sans-serif; font-weight: var( --e-global-typography-text-font-weight ); text-align: var(--text-align);\">\u00e0 la respiration,<\/span><\/li><li><span style=\"color: var( --e-global-color-text ); font-family: var( --e-global-typography-text-font-family ), Sans-serif; font-weight: var( --e-global-typography-text-font-weight ); text-align: var(--text-align);\">\u00e0 l&rsquo;auto-hypnose,<\/span><\/li>\n<li><span style=\"color: var( --e-global-color-text ); font-family: var( --e-global-typography-text-font-family ), Sans-serif; font-weight: var( --e-global-typography-text-font-weight ); text-align: var(--text-align);\">\u00e0 la gestion des \u00e9motions,<\/span><\/li>\n<li><span style=\"color: var( --e-global-color-text ); font-family: var( --e-global-typography-text-font-family ), Sans-serif; font-weight: var( --e-global-typography-text-font-weight ); text-align: var(--text-align);\">\u00e0 la lecture non verbale et au d\u00e9codage des micromouvements du corps,<\/span><\/li>\n<li><span style=\"color: var( --e-global-color-text ); font-family: var( --e-global-typography-text-font-family ), Sans-serif; font-weight: var( --e-global-typography-text-font-weight ); text-align: var(--text-align);\">\u00e0 l&rsquo;handi-apn\u00e9e.<\/span><\/li>\n<\/ul>\n<p>Aujourd\u2019hui je suis heureux de mettre mon savoir au service de votre bien-\u00eatre.<\/p>\n<p>Lien vers ma pr\u00e9sentation dans le r\u00e9seau <a href=\"https:\/\/erosvenusetcie.lilikarantez.com\/alain-percevault-hypnotherapeute-coach-en-respiration-et-nutrition\" target=\"_blank\" rel=\"noopener\">Eros V\u00e9nus &amp; Cie<\/a><\/p>\t\t\t\t\t\t\t\t<\/div>\n\t\t\t\t<\/div>\n\t\t\t\t\t<\/div>\n\t\t\t\t<\/div>\n\t\t\t\t<\/div>\n\t\t","protected":false},"excerpt":{"rendered":"<p>J\u2019ai d\u00e9couvert l\u2019apn\u00e9e en 2004, une exp\u00e9rience qui m\u2019a vite passionn\u00e9. Quelques ann\u00e9es plus tard, j\u2019ai suivi le cursus de la F\u00e9d\u00e9ration Fran\u00e7aise d\u2019Etudes des Sports Sous-Marin (FFESSM) pour \u00eatre moniteur f\u00e9d\u00e9ral d\u2019apn\u00e9e. Au travers l\u2019apn\u00e9e c\u2019est la respiration et la r\u00e9tention d\u2019air qui me passionne. L\u2019apn\u00e9e est un mode de vie. J\u2019ai constat\u00e9 les bien faits sur ma vie de tous les jours, sur ma sant\u00e9 morale et physique. Une des disciplines de l\u2019apn\u00e9e&nbsp;: l\u2019apn\u00e9e statique m\u2019a amen\u00e9 \u00e0 la relaxation musculaire, l\u2019autohypnose et la visualisation positive. Je pratique et enseigne l\u2019apn\u00e9e dans 2 clubs sur la r\u00e9gion de Lorient depuis plusieurs ann\u00e9es pour transmettre mes connaissances. En 2023\/ 2024, j\u2019ai \u00e9t\u00e9 diplom\u00e9 praticien en Hypnose \u00e0 l\u2019AHTMA \u00e0 Vannes. Et initiateur Coach-Respiration\u00ae. Guid\u00e9 par cette soif de connaissances, je suis aussi form\u00e9 : \u00e0 la respiration, \u00e0 l&rsquo;auto-hypnose, \u00e0 la gestion des \u00e9motions, \u00e0 la lecture non verbale et au d\u00e9codage des micromouvements du corps, \u00e0 l&rsquo;handi-apn\u00e9e. Aujourd\u2019hui je suis heureux de mettre mon savoir au service de votre bien-\u00eatre. Lien vers ma pr\u00e9sentation dans le r\u00e9seau Eros V\u00e9nus &amp; Cie<\/p>\n","protected":false},"author":1,"featured_media":0,"parent":0,"menu_order":0,"comment_status":"closed","ping_status":"closed","template":"","meta":{"footnotes":""},"class_list":["post-300","page","type-page","status-publish","hentry"],"yoast_head":"<!-- This site is optimized with the Yoast SEO plugin v27.4 - https:\/\/yoast.com\/product\/yoast-seo-wordpress\/ -->\n<title>Qui suis je ? -<\/title>\n<meta name=\"robots\" content=\"index, follow, max-snippet:-1, max-image-preview:large, max-video-preview:-1\" \/>\n<link rel=\"canonical\" href=\"https:\/\/alainpercevault.com\/qui-suis-je\/\" \/>\n<meta property=\"og:locale\" content=\"fr_FR\" \/>\n<meta property=\"og:type\" content=\"article\" \/>\n<meta property=\"og:title\" content=\"Qui suis je ? -\" \/>\n<meta property=\"og:description\" content=\"J\u2019ai d\u00e9couvert l\u2019apn\u00e9e en 2004, une exp\u00e9rience qui m\u2019a vite passionn\u00e9. Quelques ann\u00e9es plus tard, j\u2019ai suivi le cursus de la F\u00e9d\u00e9ration Fran\u00e7aise d\u2019Etudes des Sports Sous-Marin (FFESSM) pour \u00eatre moniteur f\u00e9d\u00e9ral d\u2019apn\u00e9e. Au travers l\u2019apn\u00e9e c\u2019est la respiration et la r\u00e9tention d\u2019air qui me passionne. L\u2019apn\u00e9e est un mode de vie. J\u2019ai constat\u00e9 les bien faits sur ma vie de tous les jours, sur ma sant\u00e9 morale et physique. Une des disciplines de l\u2019apn\u00e9e&nbsp;: l\u2019apn\u00e9e statique m\u2019a amen\u00e9 \u00e0 la relaxation musculaire, l\u2019autohypnose et la visualisation positive. Je pratique et enseigne l\u2019apn\u00e9e dans 2 clubs sur la r\u00e9gion de Lorient depuis plusieurs ann\u00e9es pour transmettre mes connaissances. En 2023\/ 2024, j\u2019ai \u00e9t\u00e9 diplom\u00e9 praticien en Hypnose \u00e0 l\u2019AHTMA \u00e0 Vannes. Et initiateur Coach-Respiration\u00ae. Guid\u00e9 par cette soif de connaissances, je suis aussi form\u00e9 : \u00e0 la respiration, \u00e0 l&rsquo;auto-hypnose, \u00e0 la gestion des \u00e9motions, \u00e0 la lecture non verbale et au d\u00e9codage des micromouvements du corps, \u00e0 l&rsquo;handi-apn\u00e9e. Aujourd\u2019hui je suis heureux de mettre mon savoir au service de votre bien-\u00eatre. Lien vers ma pr\u00e9sentation dans le r\u00e9seau Eros V\u00e9nus &amp; Cie\" \/>\n<meta property=\"og:url\" content=\"https:\/\/alainpercevault.com\/qui-suis-je\/\" \/>\n<meta property=\"article:modified_time\" content=\"2024-06-18T20:24:56+00:00\" \/>\n<meta property=\"og:image\" content=\"https:\/\/alainpercevault.com\/wp-content\/uploads\/2024\/04\/Kerroch.-Alain-19-1024x683.jpg\" \/>\n<meta name=\"twitter:card\" content=\"summary_large_image\" \/>\n<meta name=\"twitter:label1\" content=\"Dur\u00e9e de lecture estim\u00e9e\" \/>\n\t<meta name=\"twitter:data1\" content=\"2 minutes\" \/>\n<script type=\"application\/ld+json\" class=\"yoast-schema-graph\">{\"@context\":\"https:\\\/\\\/schema.org\",\"@graph\":[{\"@type\":\"WebPage\",\"@id\":\"https:\\\/\\\/alainpercevault.com\\\/qui-suis-je\\\/\",\"url\":\"https:\\\/\\\/alainpercevault.com\\\/qui-suis-je\\\/\",\"name\":\"Qui suis je ? -\",\"isPartOf\":{\"@id\":\"https:\\\/\\\/alainpercevault.com\\\/#website\"},\"primaryImageOfPage\":{\"@id\":\"https:\\\/\\\/alainpercevault.com\\\/qui-suis-je\\\/#primaryimage\"},\"image\":{\"@id\":\"https:\\\/\\\/alainpercevault.com\\\/qui-suis-je\\\/#primaryimage\"},\"thumbnailUrl\":\"https:\\\/\\\/alainpercevault.com\\\/wp-content\\\/uploads\\\/2024\\\/04\\\/Kerroch.-Alain-19-1024x683.jpg\",\"datePublished\":\"2024-04-30T15:29:27+00:00\",\"dateModified\":\"2024-06-18T20:24:56+00:00\",\"breadcrumb\":{\"@id\":\"https:\\\/\\\/alainpercevault.com\\\/qui-suis-je\\\/#breadcrumb\"},\"inLanguage\":\"fr-FR\",\"potentialAction\":[{\"@type\":\"ReadAction\",\"target\":[\"https:\\\/\\\/alainpercevault.com\\\/qui-suis-je\\\/\"]}]},{\"@type\":\"ImageObject\",\"inLanguage\":\"fr-FR\",\"@id\":\"https:\\\/\\\/alainpercevault.com\\\/qui-suis-je\\\/#primaryimage\",\"url\":\"https:\\\/\\\/alainpercevault.com\\\/wp-content\\\/uploads\\\/2024\\\/04\\\/Kerroch.-Alain-19.jpg\",\"contentUrl\":\"https:\\\/\\\/alainpercevault.com\\\/wp-content\\\/uploads\\\/2024\\\/04\\\/Kerroch.-Alain-19.jpg\",\"width\":2048,\"height\":1365},{\"@type\":\"BreadcrumbList\",\"@id\":\"https:\\\/\\\/alainpercevault.com\\\/qui-suis-je\\\/#breadcrumb\",\"itemListElement\":[{\"@type\":\"ListItem\",\"position\":1,\"name\":\"Accueil\",\"item\":\"https:\\\/\\\/alainpercevault.com\\\/\"},{\"@type\":\"ListItem\",\"position\":2,\"name\":\"Qui suis je ?\"}]},{\"@type\":\"WebSite\",\"@id\":\"https:\\\/\\\/alainpercevault.com\\\/#website\",\"url\":\"https:\\\/\\\/alainpercevault.com\\\/\",\"name\":\"\",\"description\":\"\",\"potentialAction\":[{\"@type\":\"SearchAction\",\"target\":{\"@type\":\"EntryPoint\",\"urlTemplate\":\"https:\\\/\\\/alainpercevault.com\\\/?s={search_term_string}\"},\"query-input\":{\"@type\":\"PropertyValueSpecification\",\"valueRequired\":true,\"valueName\":\"search_term_string\"}}],\"inLanguage\":\"fr-FR\"}]}<\/script>\n<!-- \/ Yoast SEO plugin. -->","yoast_head_json":{"title":"Qui suis je ? -","robots":{"index":"index","follow":"follow","max-snippet":"max-snippet:-1","max-image-preview":"max-image-preview:large","max-video-preview":"max-video-preview:-1"},"canonical":"https:\/\/alainpercevault.com\/qui-suis-je\/","og_locale":"fr_FR","og_type":"article","og_title":"Qui suis je ? -","og_description":"J\u2019ai d\u00e9couvert l\u2019apn\u00e9e en 2004, une exp\u00e9rience qui m\u2019a vite passionn\u00e9. Quelques ann\u00e9es plus tard, j\u2019ai suivi le cursus de la F\u00e9d\u00e9ration Fran\u00e7aise d\u2019Etudes des Sports Sous-Marin (FFESSM) pour \u00eatre moniteur f\u00e9d\u00e9ral d\u2019apn\u00e9e. Au travers l\u2019apn\u00e9e c\u2019est la respiration et la r\u00e9tention d\u2019air qui me passionne. L\u2019apn\u00e9e est un mode de vie. J\u2019ai constat\u00e9 les bien faits sur ma vie de tous les jours, sur ma sant\u00e9 morale et physique. Une des disciplines de l\u2019apn\u00e9e&nbsp;: l\u2019apn\u00e9e statique m\u2019a amen\u00e9 \u00e0 la relaxation musculaire, l\u2019autohypnose et la visualisation positive. Je pratique et enseigne l\u2019apn\u00e9e dans 2 clubs sur la r\u00e9gion de Lorient depuis plusieurs ann\u00e9es pour transmettre mes connaissances. En 2023\/ 2024, j\u2019ai \u00e9t\u00e9 diplom\u00e9 praticien en Hypnose \u00e0 l\u2019AHTMA \u00e0 Vannes. Et initiateur Coach-Respiration\u00ae. Guid\u00e9 par cette soif de connaissances, je suis aussi form\u00e9 : \u00e0 la respiration, \u00e0 l&rsquo;auto-hypnose, \u00e0 la gestion des \u00e9motions, \u00e0 la lecture non verbale et au d\u00e9codage des micromouvements du corps, \u00e0 l&rsquo;handi-apn\u00e9e. Aujourd\u2019hui je suis heureux de mettre mon savoir au service de votre bien-\u00eatre. Lien vers ma pr\u00e9sentation dans le r\u00e9seau Eros V\u00e9nus &amp; Cie","og_url":"https:\/\/alainpercevault.com\/qui-suis-je\/","article_modified_time":"2024-06-18T20:24:56+00:00","og_image":[{"url":"https:\/\/alainpercevault.com\/wp-content\/uploads\/2024\/04\/Kerroch.-Alain-19-1024x683.jpg","type":"","width":"","height":""}],"twitter_card":"summary_large_image","twitter_misc":{"Dur\u00e9e de lecture estim\u00e9e":"2 minutes"},"schema":{"@context":"https:\/\/schema.org","@graph":[{"@type":"WebPage","@id":"https:\/\/alainpercevault.com\/qui-suis-je\/","url":"https:\/\/alainpercevault.com\/qui-suis-je\/","name":"Qui suis je ? -","isPartOf":{"@id":"https:\/\/alainpercevault.com\/#website"},"primaryImageOfPage":{"@id":"https:\/\/alainpercevault.com\/qui-suis-je\/#primaryimage"},"image":{"@id":"https:\/\/alainpercevault.com\/qui-suis-je\/#primaryimage"},"thumbnailUrl":"https:\/\/alainpercevault.com\/wp-content\/uploads\/2024\/04\/Kerroch.-Alain-19-1024x683.jpg","datePublished":"2024-04-30T15:29:27+00:00","dateModified":"2024-06-18T20:24:56+00:00","breadcrumb":{"@id":"https:\/\/alainpercevault.com\/qui-suis-je\/#breadcrumb"},"inLanguage":"fr-FR","potentialAction":[{"@type":"ReadAction","target":["https:\/\/alainpercevault.com\/qui-suis-je\/"]}]},{"@type":"ImageObject","inLanguage":"fr-FR","@id":"https:\/\/alainpercevault.com\/qui-suis-je\/#primaryimage","url":"https:\/\/alainpercevault.com\/wp-content\/uploads\/2024\/04\/Kerroch.-Alain-19.jpg","contentUrl":"https:\/\/alainpercevault.com\/wp-content\/uploads\/2024\/04\/Kerroch.-Alain-19.jpg","width":2048,"height":1365},{"@type":"BreadcrumbList","@id":"https:\/\/alainpercevault.com\/qui-suis-je\/#breadcrumb","itemListElement":[{"@type":"ListItem","position":1,"name":"Accueil","item":"https:\/\/alainpercevault.com\/"},{"@type":"ListItem","position":2,"name":"Qui suis je ?"}]},{"@type":"WebSite","@id":"https:\/\/alainpercevault.com\/#website","url":"https:\/\/alainpercevault.com\/","name":"","description":"","potentialAction":[{"@type":"SearchAction","target":{"@type":"EntryPoint","urlTemplate":"https:\/\/alainpercevault.com\/?s={search_term_string}"},"query-input":{"@type":"PropertyValueSpecification","valueRequired":true,"valueName":"search_term_string"}}],"inLanguage":"fr-FR"}]}},"_links":{"self":[{"href":"https:\/\/alainpercevault.com\/wp-json\/wp\/v2\/pages\/300","targetHints":{"allow":["GET"]}}],"collection":[{"href":"https:\/\/alainpercevault.com\/wp-json\/wp\/v2\/pages"}],"about":[{"href":"https:\/\/alainpercevault.com\/wp-json\/wp\/v2\/types\/page"}],"author":[{"embeddable":true,"href":"https:\/\/alainpercevault.com\/wp-json\/wp\/v2\/users\/1"}],"replies":[{"embeddable":true,"href":"https:\/\/alainpercevault.com\/wp-json\/wp\/v2\/comments?post=300"}],"version-history":[{"count":27,"href":"https:\/\/alainpercevault.com\/wp-json\/wp\/v2\/pages\/300\/revisions"}],"predecessor-version":[{"id":438,"href":"https:\/\/alainpercevault.com\/wp-json\/wp\/v2\/pages\/300\/revisions\/438"}],"wp:attachment":[{"href":"https:\/\/alainpercevault.com\/wp-json\/wp\/v2\/media?parent=300"}],"curies":[{"name":"wp","href":"https:\/\/api.w.org\/{rel}","templated":true}]}}